{"id":1518,"date":"2021-12-16T12:46:43","date_gmt":"2021-12-16T11:46:43","guid":{"rendered":"http:\/\/web.netshoppe.it\/hotelcaracciolo\/?page_id=1518"},"modified":"2021-12-16T12:46:45","modified_gmt":"2021-12-16T11:46:45","slug":"hotel","status":"publish","type":"page","link":"https:\/\/www.canovahotelroma.it\/it\/hotel\/","title":{"rendered":"Hotel"},"content":{"rendered":"\n<h2 class=\"wp-block-heading\">Hotel Caracciolo, albergo 3 stelle nel cuore di Roma<\/h2>\n\n\n\n<p>L\u2019Hotel Caracciolo, grazioso albergo 3 stelle collocato nel centro di Roma, vicino alla Stazione Termini, si caratterizza per l\u2019atmosfera confortevole e lo stile curato dove il cliente \u00e8 sempre seguito e consigliato dalle titolari e dallo staff.<br>Al suo ingresso si presenta con uno stile armonioso e particolarmente intimo dove l\u2019azzurro delle pareti e i pavimenti stile Vietri creano un ambiente mediterraneo particolarmente originale che si fonde armoniosamente con il calore del legno e la vivacit\u00e0 degli specchi.<br>Dotato di camere ampie e luminose, arredate con uno stile caldo ed elegante che offrono tutti i comfort pi\u00f9 moderni e sofisticati.<\/p>\n\n\n\n<h3 class=\"wp-block-heading\">Per ammirare i monumenti pi\u00f9 importanti della citt\u00e0 lo staff consiglia ai propri clienti due percorsi: Roma Barocca e Roma Antica.<\/h3>\n\n\n\n<p>Dall\u2019albergo \u00e8 possibile visitare con facilit\u00e0 i luoghi pi\u00f9 suggestivi della&nbsp;<strong>Dolce Vita come il Colosseo<\/strong>, la&nbsp;<strong>Basilica di San Giovanni in Laterano<\/strong>, che dista solo 10 minuti a piedi, la&nbsp;<strong>Basilica di Santa Maria Maggiore<\/strong>,&nbsp;<strong>Piazza della Repubblica<\/strong>, i&nbsp;<strong>Fori Imperiali e Piazza Venezia<\/strong>.<\/p>\n\n\n\n<p>L\u2019Hotel Caracciolo \u00e8 inoltre ben collegato con Fontana di Trevi, che \u00e8 possibile raggiungere con una sola metro e con la Citt\u00e0 del Vaticano. Nelle vicinanze si trovano due importanti testimonianze della storia e dell\u2019arte a livello mondiale, la Chiesa di Santa Bibiana che ospita una famosa scultura del Bernini e il Tempio di Minerva Medica.<br>Per chi invece deve assistere a un convegno o a una Laurea o \u00e8 semplicemente curioso di visitare le Universit\u00e0 pi\u00f9 antiche e prestigiose d\u2019Europa trover\u00e0 nelle vicinanze l\u2019Universit\u00e0 \u201cLa Sapienza\u201d e la \u201cPontificia Universit\u00e0 Lateranense\u201d.<\/p>\n\n\n\n<p>Non distante da Via Cairoli c\u2019\u00e8 anche l\u2019ospedale Policlinico Umberto I.<\/p>\n\n\n\n<p>Grazie alla sua vicinanza con la Stazione Termini, solo dieci minuti a piedi, e agli efficienti collegamenti per autostrade e aeroporti, l\u2019Hotel Caracciolo \u00e8 facilmente raggiungibile e rappresenta un importante punto di riferimento anche per tutti coloro che intendono proseguire la propria vacanza nelle altre citt\u00e0 italiane.<\/p>\n\n\n\n<p>I clienti che prenotano direttamente sul nostro sito possono acquistare in fase di prenotazione tutti i servizi extra e i tour per visitare Roma e dintorni.<\/p>\n","protected":false},"excerpt":{"rendered":"<p>Hotel Caracciolo, albergo 3 stelle nel cuore di Roma L\u2019Hotel Caracciolo, grazioso albergo 3 stelle collocato nel centro di Roma, vicino alla Stazione Termini, si caratterizza per l\u2019atmosfera confortevole e lo stile curato dove il cliente \u00e8 sempre seguito e consigliato dalle titolari e dallo staff.Al suo ingresso si presenta[&#8230;]<\/p>\n","protected":false},"author":1,"featured_media":1519,"parent":0,"menu_order":0,"comment_status":"closed","ping_status":"closed","template":"","meta":{"_acf_changed":false,"footnotes":""},"class_list":["post-1518","page","type-page","status-publish","has-post-thumbnail","hentry"],"acf":[],"_links":{"self":[{"href":"https:\/\/www.canovahotelroma.it\/it\/wp-json\/wp\/v2\/pages\/1518","targetHints":{"allow":["GET"]}}],"collection":[{"href":"https:\/\/www.canovahotelroma.it\/it\/wp-json\/wp\/v2\/pages"}],"about":[{"href":"https:\/\/www.canovahotelroma.it\/it\/wp-json\/wp\/v2\/types\/page"}],"author":[{"embeddable":true,"href":"https:\/\/www.canovahotelroma.it\/it\/wp-json\/wp\/v2\/users\/1"}],"replies":[{"embeddable":true,"href":"https:\/\/www.canovahotelroma.it\/it\/wp-json\/wp\/v2\/comments?post=1518"}],"version-history":[{"count":2,"href":"https:\/\/www.canovahotelroma.it\/it\/wp-json\/wp\/v2\/pages\/1518\/revisions"}],"predecessor-version":[{"id":1522,"href":"https:\/\/www.canovahotelroma.it\/it\/wp-json\/wp\/v2\/pages\/1518\/revisions\/1522"}],"wp:featuredmedia":[{"embeddable":true,"href":"https:\/\/www.canovahotelroma.it\/it\/wp-json\/wp\/v2\/media\/1519"}],"wp:attachment":[{"href":"https:\/\/www.canovahotelroma.it\/it\/wp-json\/wp\/v2\/media?parent=1518"}],"curies":[{"name":"wp","href":"https:\/\/api.w.org\/{rel}","templated":true}]}}