{"id":44,"date":"2015-06-26T11:45:26","date_gmt":"2015-06-26T11:45:26","guid":{"rendered":"http:\/\/www.cssigniter.com\/preview\/sunresort\/?page_id=44"},"modified":"2021-12-27T18:54:18","modified_gmt":"2021-12-27T17:54:18","slug":"roma-da-scoprire","status":"publish","type":"page","link":"https:\/\/www.canovahotelroma.it\/it\/roma-da-scoprire\/","title":{"rendered":"Roma e Dintorni"},"content":{"rendered":"<p>La nostra struttura si trova in una eccellente posizione strategica riguardo i trasporti:<\/p>\n<ul>\n<li>la fermata della metro B \u201cCavour\u201d dista solo 100 mt;<\/li>\n<li>la fermata della metro A \u201cRepubblica\u201d;<\/li>\n<li>la stazione Termini \u00e8 raggiungibile in 10 minuti a piedi;<\/li>\n<li>numerose linee bus passano proprio alle spalle dell\u2019Hotel;<\/li>\n<\/ul>\n<p>Di fronte il nostro Hotel \u00e8 presente la Basilica di Santa Pudenziana, una delle basiliche pi\u00f9 antiche di Roma, edificata nel V secolo d.C.; nonch\u00e9 nelle immediate vicinanze domina la Basilica di Santa Maria Maggiore, costruita nel IV secolo d.C.<\/p>\n<p>Scendendo a piedi per il Rione Monti inoltre, a soli 10 minuti, \u00e8 possibile trovare tutti i pi\u00f9 importanti monumenti e musei di Roma: i Fori Imperiali, il Colosseo, il Foro di Traiano, Piazza Venezia, il Campidoglio, via del Corso, il Palazzo delle Esposizioni, Fontana di Trevi, piazza di Spagna e le Scuderie del Quirinale.<\/p>\n<p>Le strade che circondano l\u2019Hotel sono romantiche ed affascinanti. Da subito ci si sente immersi nel cuore di Roma pieno di locali, lounge bar, ristoranti tipici, osterie, ma anche botteghe di piccoli artigiani e negozi di grandi marchi.<\/p>\n","protected":false},"excerpt":{"rendered":"<p>La nostra struttura si trova in una eccellente posizione strategica riguardo i trasporti: la fermata della metro B \u201cCavour\u201d dista solo 100 mt; la fermata della metro A \u201cRepubblica\u201d; la stazione Termini \u00e8 raggiungibile in 10 minuti a piedi; numerose linee bus passano proprio alle spalle dell\u2019Hotel; Di fronte il[&#8230;]<\/p>\n","protected":false},"author":1,"featured_media":0,"parent":0,"menu_order":0,"comment_status":"open","ping_status":"open","template":"template-listing-subpage.php","meta":{"_acf_changed":false,"footnotes":""},"class_list":["post-44","page","type-page","status-publish","hentry"],"acf":[],"_links":{"self":[{"href":"https:\/\/www.canovahotelroma.it\/it\/wp-json\/wp\/v2\/pages\/44","targetHints":{"allow":["GET"]}}],"collection":[{"href":"https:\/\/www.canovahotelroma.it\/it\/wp-json\/wp\/v2\/pages"}],"about":[{"href":"https:\/\/www.canovahotelroma.it\/it\/wp-json\/wp\/v2\/types\/page"}],"author":[{"embeddable":true,"href":"https:\/\/www.canovahotelroma.it\/it\/wp-json\/wp\/v2\/users\/1"}],"replies":[{"embeddable":true,"href":"https:\/\/www.canovahotelroma.it\/it\/wp-json\/wp\/v2\/comments?post=44"}],"version-history":[{"count":16,"href":"https:\/\/www.canovahotelroma.it\/it\/wp-json\/wp\/v2\/pages\/44\/revisions"}],"predecessor-version":[{"id":1824,"href":"https:\/\/www.canovahotelroma.it\/it\/wp-json\/wp\/v2\/pages\/44\/revisions\/1824"}],"wp:attachment":[{"href":"https:\/\/www.canovahotelroma.it\/it\/wp-json\/wp\/v2\/media?parent=44"}],"curies":[{"name":"wp","href":"https:\/\/api.w.org\/{rel}","templated":true}]}}